{"id":3272,"date":"2019-03-01T21:50:17","date_gmt":"2019-03-01T19:50:17","guid":{"rendered":"https:\/\/beck-finkbeiner.ch\/?page_id=3272"},"modified":"2019-08-07T18:31:58","modified_gmt":"2019-08-07T17:31:58","slug":"2019-artificia","status":"publish","type":"page","link":"https:\/\/beck-finkbeiner.ch\/?page_id=3272","title":{"rendered":"2019 Artificia"},"content":{"rendered":"\n<p class=\"wp-block-paragraph\">Unsere Lehrlinge haben auch dieses Jahr an de Artificia in Muttenz teilgenommen. Mit dem 2. Platz hat Sabrina  sehr gut abgeschnitten. Aber  auch Catherine und Marina haben sehr sch\u00f6ne Arbeiten gezeigt.<\/p>\n\n\n\nngg_shortcode_0_placeholder\n","protected":false},"excerpt":{"rendered":"<p>Unsere Lehrlinge haben auch dieses Jahr an de Artificia in Muttenz teilgenommen. Mit dem 2. Platz hat Sabrina sehr gut abgeschnitten. Aber auch Catherine und Marina haben sehr sch\u00f6ne Arbeiten gezeigt.<\/p>\n","protected":false},"author":1,"featured_media":0,"parent":154,"menu_order":0,"comment_status":"closed","ping_status":"closed","template":"","meta":{"_acf_changed":false,"_crdt_document":"","ngg_post_thumbnail":0,"jetpack_post_was_ever_published":false,"footnotes":""},"class_list":["post-3272","page","type-page","status-publish","hentry"],"acf":[],"jetpack_sharing_enabled":true,"jetpack_shortlink":"https:\/\/wp.me\/P7b9YP-QM","jetpack-related-posts":[{"id":818,"url":"https:\/\/beck-finkbeiner.ch\/?page_id=818","url_meta":{"origin":3272,"position":0},"title":"2014 Artificia","author":"Andi Finkbeiner","date":"20. Februar 2014","format":false,"excerpt":"Fotos der Schaust\u00fccke, unserer Lehrlinge an der Artificia. Sie fand am 20. und 21. Februar 2014 an der Gewerbeschule in Muttenz statt.","rel":"","context":"\u00c4hnlicher Beitrag","block_context":{"text":"\u00c4hnlicher Beitrag","link":""},"img":{"alt_text":"","src":"","width":0,"height":0},"classes":[]},{"id":154,"url":"https:\/\/beck-finkbeiner.ch\/?page_id=154","url_meta":{"origin":3272,"position":1},"title":"Impressionen","author":"Andi Finkbeiner","date":"22. Oktober 2013","format":false,"excerpt":"21. Juli 2016 Moka Efti 22. Juli 2015 Ferienpass 2014 Artificia 2013 Abschiedsfest Edi & Martin 2010 Jubil\u00e4umsfest 100 Jahre 2007 Wiederer\u00f6ffnung Filiale Pratteln Chronik Bilder","rel":"","context":"\u00c4hnlicher Beitrag","block_context":{"text":"\u00c4hnlicher Beitrag","link":""},"img":{"alt_text":"","src":"","width":0,"height":0},"classes":[]},{"id":2131,"url":"https:\/\/beck-finkbeiner.ch\/?page_id=2131","url_meta":{"origin":3272,"position":2},"title":"Widerrufsbestimmungen","author":"Andi Finkbeiner","date":"15. Mai 2017","format":false,"excerpt":"Stornierung \/ \u00c4nderung der Bestellung Solange Sie Ihre Bestellung noch nicht endg\u00fcltig aufgegeben haben, ist jederzeit eine Modifikation Ihrer Bestelldaten m\u00f6glich. Zu diesem Zeitpunkt kann auch der Bestellprozess abgebrochen werden. Wenn Sie Ihre Bestellung best\u00e4tigt haben, k\u00f6nnen Sie Stornierungen und Auftrags\u00e4nderungen einen Arbeitstag (Monzag - Samstag) vor der Bestellung vornehmen,\u2026","rel":"","context":"\u00c4hnlicher Beitrag","block_context":{"text":"\u00c4hnlicher Beitrag","link":""},"img":{"alt_text":"","src":"","width":0,"height":0},"classes":[]},{"id":3237,"url":"https:\/\/beck-finkbeiner.ch\/?page_id=3237","url_meta":{"origin":3272,"position":3},"title":"Nachhaltigkeit","author":"Andi Finkbeiner","date":"31. Januar 2019","format":false,"excerpt":"Als zertifizierter IP-Suisse-Betrieb haben wir uns verpflichtet, wenn immer m\u00f6glich Brot aus IP-Suisse Mehl zu verwenden. Dieses Label setzt sich ein f\u00fcr: Wir produzieren tiergerecht, umweltfreundlich und in respektvollem Umgang mit den Menschen geschmackvolle Lebensmittel, die f\u00fcr jeden erschwinglich sind. Damit jeder seinen Beitrag an nachhaltige Landwirtschaft leisten kann. Heute\u2026","rel":"","context":"\u00c4hnlicher Beitrag","block_context":{"text":"\u00c4hnlicher Beitrag","link":""},"img":{"alt_text":"","src":"https:\/\/i0.wp.com\/beck-finkbeiner.ch\/wp-content\/uploads\/2019\/01\/OutletShop-logo.png?resize=350%2C200","width":350,"height":200},"classes":[]},{"id":338,"url":"https:\/\/beck-finkbeiner.ch\/?page_id=338","url_meta":{"origin":3272,"position":4},"title":"Offene Stellen","author":"Andi Finkbeiner","date":"17. Januar 2014","format":false,"excerpt":"\u00a0 Wir sind\u2026\u2026eine B\u00e4ckerei-Konditorei-Confiserie mit 2 Verkaufsstellen mit Caf\u00e9\u2026ein Familienunternehmen das es seit 1910 gibt\u2026ein innovatives Gesch\u00e4ft, das sich laufend auf den neusten Stand weiterentwickelt Sie\u2026\u2026haben Freude an unserem sch\u00f6nen Beruf im Verkauf oder in der Backstube Wir bieten\u2026\u2026Ihnen\u00a0eine kreative, vielseitige Arbeitsstelle\u2026attraktive Anstellungsbedingungen und zeitgerechte Entlohnung\u2026Verantwortungs - \u00dcbernahme, wenn erw\u00fcnscht\u2026","rel":"","context":"In &quot;Allgemein&quot;","block_context":{"text":"Allgemein","link":"https:\/\/beck-finkbeiner.ch\/?cat=1"},"img":{"alt_text":"","src":"","width":0,"height":0},"classes":[]},{"id":243,"url":"https:\/\/beck-finkbeiner.ch\/?page_id=243","url_meta":{"origin":3272,"position":5},"title":"Produkte &#8211; Konditorei","author":"Andi Finkbeiner","date":"4. Februar 2014","format":false,"excerpt":"Eine kleine Auswahl unserer s\u00fcssen K\u00f6stlichkeiten Auch Hochzeitstorten machen wir f\u00fcr Sie nach Ihren W\u00fcnschen, inklusive Lieferung in der n\u00e4heren Umgebung. normale und individuelle Torten.. auch spezielle Formen sind m\u00f6glich... F\u00fcr weitere Fragen beraten wir Sie gerne Pers\u00f6nlich. \u00a0","rel":"","context":"\u00c4hnlicher Beitrag","block_context":{"text":"\u00c4hnlicher Beitrag","link":""},"img":{"alt_text":"","src":"","width":0,"height":0},"classes":[]}],"jetpack_likes_enabled":false,"_links":{"self":[{"href":"https:\/\/beck-finkbeiner.ch\/index.php?rest_route=\/wp\/v2\/pages\/3272","targetHints":{"allow":["GET"]}}],"collection":[{"href":"https:\/\/beck-finkbeiner.ch\/index.php?rest_route=\/wp\/v2\/pages"}],"about":[{"href":"https:\/\/beck-finkbeiner.ch\/index.php?rest_route=\/wp\/v2\/types\/page"}],"author":[{"embeddable":true,"href":"https:\/\/beck-finkbeiner.ch\/index.php?rest_route=\/wp\/v2\/users\/1"}],"replies":[{"embeddable":true,"href":"https:\/\/beck-finkbeiner.ch\/index.php?rest_route=%2Fwp%2Fv2%2Fcomments&post=3272"}],"version-history":[{"count":3,"href":"https:\/\/beck-finkbeiner.ch\/index.php?rest_route=\/wp\/v2\/pages\/3272\/revisions"}],"predecessor-version":[{"id":4154,"href":"https:\/\/beck-finkbeiner.ch\/index.php?rest_route=\/wp\/v2\/pages\/3272\/revisions\/4154"}],"up":[{"embeddable":true,"href":"https:\/\/beck-finkbeiner.ch\/index.php?rest_route=\/wp\/v2\/pages\/154"}],"wp:attachment":[{"href":"https:\/\/beck-finkbeiner.ch\/index.php?rest_route=%2Fwp%2Fv2%2Fmedia&parent=3272"}],"curies":[{"name":"wp","href":"https:\/\/api.w.org\/{rel}","templated":true}]}}