{"id":2,"date":"2013-10-06T10:24:08","date_gmt":"2013-10-06T08:24:08","guid":{"rendered":"http:\/\/beck-finkbeiner.ch\/blog\/?page_id=2"},"modified":"2023-06-14T08:07:28","modified_gmt":"2023-06-14T07:07:28","slug":"beispiel-seite","status":"publish","type":"page","link":"https:\/\/beck-finkbeiner.ch\/?page_id=2","title":{"rendered":"Chronik"},"content":{"rendered":"\n<figure class=\"wp-block-image size-full\"><a href=\"https:\/\/i0.wp.com\/beck-finkbeiner.ch\/wp-content\/uploads\/2023\/06\/Header_LadenLiestal-ohne_logo-Kopie.jpg?ssl=1\"><img data-recalc-dims=\"1\" loading=\"lazy\" decoding=\"async\" width=\"739\" height=\"287\" data-attachment-id=\"12194\" data-permalink=\"https:\/\/beck-finkbeiner.ch\/?attachment_id=12194\" data-orig-file=\"https:\/\/i0.wp.com\/beck-finkbeiner.ch\/wp-content\/uploads\/2023\/06\/Header_LadenLiestal-ohne_logo-Kopie.jpg?fit=739%2C287&amp;ssl=1\" data-orig-size=\"739,287\" data-comments-opened=\"0\" data-image-meta=\"{&quot;aperture&quot;:&quot;0&quot;,&quot;credit&quot;:&quot;&quot;,&quot;camera&quot;:&quot;&quot;,&quot;caption&quot;:&quot;&quot;,&quot;created_timestamp&quot;:&quot;0&quot;,&quot;copyright&quot;:&quot;&quot;,&quot;focal_length&quot;:&quot;0&quot;,&quot;iso&quot;:&quot;0&quot;,&quot;shutter_speed&quot;:&quot;0&quot;,&quot;title&quot;:&quot;&quot;,&quot;orientation&quot;:&quot;1&quot;}\" data-image-title=\"Header_LadenLiestal-ohne_logo Kopie\" data-image-description=\"\" data-image-caption=\"\" data-medium-file=\"https:\/\/i0.wp.com\/beck-finkbeiner.ch\/wp-content\/uploads\/2023\/06\/Header_LadenLiestal-ohne_logo-Kopie.jpg?fit=300%2C117&amp;ssl=1\" data-large-file=\"https:\/\/i0.wp.com\/beck-finkbeiner.ch\/wp-content\/uploads\/2023\/06\/Header_LadenLiestal-ohne_logo-Kopie.jpg?fit=739%2C287&amp;ssl=1\" src=\"https:\/\/i0.wp.com\/beck-finkbeiner.ch\/wp-content\/uploads\/2023\/06\/Header_LadenLiestal-ohne_logo-Kopie.jpg?resize=739%2C287&#038;ssl=1\" alt=\"\" class=\"wp-image-12194\" srcset=\"https:\/\/i0.wp.com\/beck-finkbeiner.ch\/wp-content\/uploads\/2023\/06\/Header_LadenLiestal-ohne_logo-Kopie.jpg?w=739&amp;ssl=1 739w, https:\/\/i0.wp.com\/beck-finkbeiner.ch\/wp-content\/uploads\/2023\/06\/Header_LadenLiestal-ohne_logo-Kopie.jpg?resize=300%2C117&amp;ssl=1 300w, https:\/\/i0.wp.com\/beck-finkbeiner.ch\/wp-content\/uploads\/2023\/06\/Header_LadenLiestal-ohne_logo-Kopie.jpg?resize=416%2C162&amp;ssl=1 416w\" sizes=\"auto, (max-width: 739px) 100vw, 739px\" \/><\/a><\/figure>\n\n\n<p><strong>1910<\/strong> Kauf der B\u00e4ckerei in Liestal an der Rathausstrasse 20 durch Johann und Ida Finkbeiner\u2013Meier. Dieser Ehe entsprangen 5 Kinder, wovon 2 S\u00f6hne das B\u00e4ckerhandwerk lernten.<\/p>\n<p><strong>1917 <\/strong>Johann Finkbeiner bekommt das Liestaler B\u00fcrgerrecht. Er kauft die Liegenschaft Nr. 18 hinzu kann dadurch die B\u00e4ckerei vergr\u00f6ssern.<\/p>\n<p><strong>1923<\/strong> Umbau und Vergr\u00f6sserung der Backstube<\/p>\n<p><strong>1929<\/strong> Gr\u00fcndung des B\u00e4ckermeister-Kegelclubs Liestal mit dem Johann Finkbeiner als Mitgr\u00fcnder.<\/p>\n<p><strong>1945<\/strong> \u00dcbergabe der B\u00e4ckerei von den Grosseltern an ihren \u00e4ltesten Sohn Hans Finkbeiner und seiner Frau Hermine. Sein Bruder \u00abMutz\u00bb er\u00f6ffnet 1967 eine B\u00e4ckerei in Breitenbach.<\/p>\n<p>Dieser Ehe entsprangen 5 S\u00f6hne und eine Tochter. 3 S\u00f6hne (Hans, Paul und Urs) lernen sp\u00e4ter den Beruf B\u00e4cker \u2013 Konditor<\/p>\n<p><strong>1967<\/strong> Hans Finkbeiner starb nach l\u00e4ngerer Krankheit. Unsere Mutter Hermine Finkbeiner f\u00fchrt das Gesch\u00e4ft weiter mit dem \u00e4ltesten Bruder Hans. Zu dieser Zeit befindet sich Paul Finkbeiner in der Lehre. Urs geht noch zur Schule.<\/p>\n<p><strong>1968<\/strong> Umbau und Vergr\u00f6sserung der Backstube<\/p>\n<p><strong>1969<\/strong> Hans Finkbeiner besteht die Meisterpr\u00fcfung<\/p>\n<p><strong>1972<\/strong> Umbau und Vergr\u00f6sserung des Ladens.<\/p>\n<p><strong>1973<\/strong> Der zweit\u00e4lteste Sohn Ernst tritt in den Familienbetrieb ein und ist verantwortlich f\u00fcr Spedition und Bestellungsaufnahme.<\/p>\n<p><strong>1976<\/strong> \u00dcbergabe der B\u00e4ckerei von der Mutter Hermine an Hans und Paul Finkbeiner.<\/p>\n<p><strong>1978<\/strong> Urs Finkbeiner tritt nach einigen Fremdstellen in den Familienbetrieb ein.<\/p>\n<p><strong>1979<\/strong> Urs Finkbeiner besteht die Meisterpr\u00fcfung.<\/p>\n<p><strong>1980<\/strong> \u00dcbernahme der B\u00e4ckerei Treffeisen an der Schlossstrasse 59 in Pratteln.<\/p>\n<p><strong>2002<\/strong> Hans Finkbeiner tritt als Mitinhaber zur\u00fcck, Urs Finkbeiner r\u00fcckt an seine Stelle.<\/p>\n<p><strong>2005<\/strong> Die S\u00f6hne von Paul &amp; Sylvia Finkbeiner-Saladin, Florian &amp; Andreas treten in den Familienbetrieb ein, Florian ist in der Backstube t\u00e4tig und f\u00fcr die Lehrlinge verantwortlich, Andreas f\u00fcr die Spedition und das Bestellwesen.<\/p>\n<p><strong>2006<\/strong> Ernst Finkbeiner wird Pensioniert.<\/p>\n<p><strong>2008 \/ 09<\/strong> Florian Finkbeiner besucht den Lehrgang f\u00fcr die Berufspr\u00fcfung.<\/p>\n<p><strong>2009 \/ 10<\/strong> Andreas Finkbeiner macht die Ausbildung zum Technischen Kaufmann.<\/p>\n<p><strong>2011<\/strong> Die Kollektivgesellschaft, mit Paul und Urs Finkbeiner als Inhaber, wird in eine GmbH umgewandelt. Zus\u00e4tzlich kommen Florian und Andreas Finkbeiner als Gesellschafter dazu.<\/p>\n<p><strong>2016<\/strong> Paul Finkbeiner tritt die verdiente Pension an.<\/p>\n<p><strong>2017<\/strong> Die Gesellschaftsanteile von Paul Finkbeiner werden von den S\u00f6hnen Florian und Andreas \u00fcbernommen.<br>\nDer Laden im Hauptgesch\u00e4ft in Liestal wird nach ca. 25 Jahren modernisiert.<\/p>\n<p><strong>2020<\/strong> Urs Finkbeiner wird nach 42 Jahren im Betrieb pensioniert. Somit \u00fcbernimmt die 4. Generation, mit Florian und Andreas Finkbeiner, die alleinige F\u00fchrung des Betriebs.<\/p>\n<p>ngg_shortcode_0_placeholderUnsere Firma besch\u00e4ftigt im Moment 26 Angestellte.<\/p>\n<p>Wir verbacken pro Jahr ca. 200 Tonnen Mehl. T\u00e4glich stellen wir etwa 15 Brotsorten her. Wobei der Hauptanteil unser bekanntes Ruchbrot stellt. Freitags und Samstags kommen nat\u00fcrlich die beliebten Zopfgeb\u00e4cke dazu.<\/p>\n<p>Wir liefern t\u00e4glich Brot, Back- und Konditoreiwaren an verschiedene L\u00e4den, Kantinen und Restaurants in Liestal, Pratteln und einigen umliegenden D\u00f6rfer.<\/p>\n<p>Auf Bestellung fertigen wir Hochzeitstorten und andere sehr kreative Geb\u00e4cke f\u00fcr diverse Anl\u00e4sse her. Beliebt sind auch unsere gef\u00fcllten Partybrote, die wir mit verschiedenen Fleischsorten oder K\u00e4sef\u00fcllungen versehen.<\/p>","protected":false},"excerpt":{"rendered":"<p>1910 Kauf der B\u00e4ckerei in Liestal an der Rathausstrasse 20 durch Johann und Ida Finkbeiner\u2013Meier. Dieser Ehe entsprangen 5 Kinder, wovon 2 S\u00f6hne das B\u00e4ckerhandwerk lernten. 1917 Johann Finkbeiner bekommt das Liestaler B\u00fcrgerrecht. Er kauft die Liegenschaft Nr. 18 hinzu kann dadurch die B\u00e4ckerei vergr\u00f6ssern. 1923 Umbau und Vergr\u00f6sserung der Backstube 1929 Gr\u00fcndung des B\u00e4ckermeister-Kegelclubs [&hellip;]<\/p>\n","protected":false},"author":1,"featured_media":0,"parent":0,"menu_order":0,"comment_status":"closed","ping_status":"closed","template":"","meta":{"_acf_changed":false,"_crdt_document":"","ngg_post_thumbnail":0,"jetpack_post_was_ever_published":false,"footnotes":""},"class_list":["post-2","page","type-page","status-publish","hentry"],"acf":[],"jetpack_sharing_enabled":true,"jetpack_shortlink":"https:\/\/wp.me\/P7b9YP-2","jetpack-related-posts":[{"id":338,"url":"https:\/\/beck-finkbeiner.ch\/?page_id=338","url_meta":{"origin":2,"position":0},"title":"Offene Stellen","author":"Andi Finkbeiner","date":"17. Januar 2014","format":false,"excerpt":"\u00a0 Wir sind\u2026\u2026eine B\u00e4ckerei-Konditorei-Confiserie mit 2 Verkaufsstellen mit Caf\u00e9\u2026ein Familienunternehmen das es seit 1910 gibt\u2026ein innovatives Gesch\u00e4ft, das sich laufend auf den neusten Stand weiterentwickelt Sie\u2026\u2026haben Freude an unserem sch\u00f6nen Beruf im Verkauf oder in der Backstube Wir bieten\u2026\u2026Ihnen\u00a0eine kreative, vielseitige Arbeitsstelle\u2026attraktive Anstellungsbedingungen und zeitgerechte Entlohnung\u2026Verantwortungs - \u00dcbernahme, wenn erw\u00fcnscht\u2026","rel":"","context":"In &quot;Allgemein&quot;","block_context":{"text":"Allgemein","link":"https:\/\/beck-finkbeiner.ch\/?cat=1"},"img":{"alt_text":"","src":"","width":0,"height":0},"classes":[]},{"id":2085,"url":"https:\/\/beck-finkbeiner.ch\/?page_id=2085","url_meta":{"origin":2,"position":1},"title":"Allgemeine Gesch\u00e4ftsbedingungen","author":"Andi Finkbeiner","date":"5. Mai 2017","format":false,"excerpt":"Allgemeines Nachstehende allgemeine Gesch\u00e4ftsbedingungen gelten f\u00fcr alle Vertr\u00e4ge, Lieferungen und sonstige Leistungen. Abweichenden Vorschriften des Vertragspartners widersprechen wir hiermit ausdr\u00fccklich. Alle Nebenabreden bed\u00fcrfen der schriftlichen Best\u00e4tigung unsererseits. Die Finkbeiner GmbH B\u00e4ckerei Konditorei ist jederzeit berechtigt, diese allgemeinen Gesch\u00e4ftsbedingungen einschliesslich aller eventuellen Anlagen mit einer angemessenen K\u00fcndigungsfrist zu \u00e4ndern oder zu\u2026","rel":"","context":"\u00c4hnlicher Beitrag","block_context":{"text":"\u00c4hnlicher Beitrag","link":""},"img":{"alt_text":"","src":"","width":0,"height":0},"classes":[]},{"id":2116,"url":"https:\/\/beck-finkbeiner.ch\/?page_id=2116","url_meta":{"origin":2,"position":2},"title":"Impressum","author":"Andi Finkbeiner","date":"12. Mai 2017","format":false,"excerpt":"KontaktadresseFinkbeiner GmbH B\u00e4ckerei KonditoreiRathausstrasse 184410 Liestal Tel.: 061 921 06 90Fax: 061 921 59 03 info@beck-finkbeiner.ch Vertretungsberechtigte PersonenAndreas FinkbeinerFlorian Finkbeiner Handelsregistereintrag Eingetragener Firmenname:Finkbeiner GmbH B\u00e4ckerei KonditoreiUID\/MWST: CHE-443.666.333","rel":"","context":"\u00c4hnlicher Beitrag","block_context":{"text":"\u00c4hnlicher Beitrag","link":""},"img":{"alt_text":"","src":"https:\/\/i0.wp.com\/beck-finkbeiner.ch\/wp-content\/uploads\/2017\/05\/Finkbeiner-Schriftzug-B%C3%A4ckererKonditorei.jpg?resize=350%2C200&ssl=1","width":350,"height":200,"srcset":"https:\/\/i0.wp.com\/beck-finkbeiner.ch\/wp-content\/uploads\/2017\/05\/Finkbeiner-Schriftzug-B%C3%A4ckererKonditorei.jpg?resize=350%2C200&ssl=1 1x, https:\/\/i0.wp.com\/beck-finkbeiner.ch\/wp-content\/uploads\/2017\/05\/Finkbeiner-Schriftzug-B%C3%A4ckererKonditorei.jpg?resize=525%2C300&ssl=1 1.5x, https:\/\/i0.wp.com\/beck-finkbeiner.ch\/wp-content\/uploads\/2017\/05\/Finkbeiner-Schriftzug-B%C3%A4ckererKonditorei.jpg?resize=700%2C400&ssl=1 2x, https:\/\/i0.wp.com\/beck-finkbeiner.ch\/wp-content\/uploads\/2017\/05\/Finkbeiner-Schriftzug-B%C3%A4ckererKonditorei.jpg?resize=1050%2C600&ssl=1 3x, https:\/\/i0.wp.com\/beck-finkbeiner.ch\/wp-content\/uploads\/2017\/05\/Finkbeiner-Schriftzug-B%C3%A4ckererKonditorei.jpg?resize=1400%2C800&ssl=1 4x"},"classes":[]},{"id":41,"url":"https:\/\/beck-finkbeiner.ch\/?page_id=41","url_meta":{"origin":2,"position":3},"title":"Standorte","author":"Andi Finkbeiner","date":"7. Oktober 2013","format":false,"excerpt":"Hauptgesch\u00e4ft Liestal B\u00e4ckerei-Konditorei Telefon 061 921 06 90 Rathausstr. 18 Fax 061 921 59 03 4410 Liestal \u00a0 Karte \u00d6ffnungszeiten: Montag - Freitag 6.00 - 18.30 Samstag 6.00 - 16.00 \u00a0 \u00d6ffnungszeiten in den Schulsommerferien: Montag - Freitag 6.00 - 18.30 Samstag 6.00 - 15.00 Filiale Pratteln B\u00e4ckerei-Konditorei Caf\u00e9 Telefon\u2026","rel":"","context":"\u00c4hnlicher Beitrag","block_context":{"text":"\u00c4hnlicher Beitrag","link":""},"img":{"alt_text":"","src":"","width":0,"height":0},"classes":[]},{"id":188,"url":"https:\/\/beck-finkbeiner.ch\/?page_id=188","url_meta":{"origin":2,"position":4},"title":"Produkte &#8211; B\u00e4ckerei","author":"Andi Finkbeiner","date":"2. Februar 2014","format":false,"excerpt":"Hier eine Auswahl unserer Brote und Br\u00f6tchen. \u00a0","rel":"","context":"\u00c4hnlicher Beitrag","block_context":{"text":"\u00c4hnlicher Beitrag","link":""},"img":{"alt_text":"","src":"","width":0,"height":0},"classes":[]},{"id":11543,"url":"https:\/\/beck-finkbeiner.ch\/?page_id=11543","url_meta":{"origin":2,"position":5},"title":"Sortiment","author":"Andi Finkbeiner","date":"4. November 2021","format":false,"excerpt":"Laden B\u00e4ckerei Konditorei Apero & Zn\u00fcni","rel":"","context":"\u00c4hnlicher Beitrag","block_context":{"text":"\u00c4hnlicher Beitrag","link":""},"img":{"alt_text":"","src":"https:\/\/i0.wp.com\/beck-finkbeiner.ch\/wp-content\/uploads\/2023\/06\/Header_Praline2-ohne_logo-Kopie.jpg?resize=350%2C200&ssl=1","width":350,"height":200,"srcset":"https:\/\/i0.wp.com\/beck-finkbeiner.ch\/wp-content\/uploads\/2023\/06\/Header_Praline2-ohne_logo-Kopie.jpg?resize=350%2C200&ssl=1 1x, https:\/\/i0.wp.com\/beck-finkbeiner.ch\/wp-content\/uploads\/2023\/06\/Header_Praline2-ohne_logo-Kopie.jpg?resize=525%2C300&ssl=1 1.5x, https:\/\/i0.wp.com\/beck-finkbeiner.ch\/wp-content\/uploads\/2023\/06\/Header_Praline2-ohne_logo-Kopie.jpg?resize=700%2C400&ssl=1 2x"},"classes":[]}],"jetpack_likes_enabled":false,"_links":{"self":[{"href":"https:\/\/beck-finkbeiner.ch\/index.php?rest_route=\/wp\/v2\/pages\/2","targetHints":{"allow":["GET"]}}],"collection":[{"href":"https:\/\/beck-finkbeiner.ch\/index.php?rest_route=\/wp\/v2\/pages"}],"about":[{"href":"https:\/\/beck-finkbeiner.ch\/index.php?rest_route=\/wp\/v2\/types\/page"}],"author":[{"embeddable":true,"href":"https:\/\/beck-finkbeiner.ch\/index.php?rest_route=\/wp\/v2\/users\/1"}],"replies":[{"embeddable":true,"href":"https:\/\/beck-finkbeiner.ch\/index.php?rest_route=%2Fwp%2Fv2%2Fcomments&post=2"}],"version-history":[{"count":14,"href":"https:\/\/beck-finkbeiner.ch\/index.php?rest_route=\/wp\/v2\/pages\/2\/revisions"}],"predecessor-version":[{"id":12200,"href":"https:\/\/beck-finkbeiner.ch\/index.php?rest_route=\/wp\/v2\/pages\/2\/revisions\/12200"}],"wp:attachment":[{"href":"https:\/\/beck-finkbeiner.ch\/index.php?rest_route=%2Fwp%2Fv2%2Fmedia&parent=2"}],"curies":[{"name":"wp","href":"https:\/\/api.w.org\/{rel}","templated":true}]}}