{"id":1921,"date":"2017-01-29T16:19:39","date_gmt":"2017-01-29T14:19:39","guid":{"rendered":"http:\/\/beck-finkbeiner.ch\/?page_id=1921"},"modified":"2023-06-14T08:06:41","modified_gmt":"2023-06-14T07:06:41","slug":"produkte-laden","status":"publish","type":"page","link":"https:\/\/beck-finkbeiner.ch\/?page_id=1921","title":{"rendered":"Produkte Laden"},"content":{"rendered":"\n<figure class=\"wp-block-image size-full\"><a href=\"https:\/\/i0.wp.com\/beck-finkbeiner.ch\/wp-content\/uploads\/2023\/06\/Header_LadenLiestal-ohne_logo-Kopie.jpg?ssl=1\"><img data-recalc-dims=\"1\" loading=\"lazy\" decoding=\"async\" width=\"739\" height=\"287\" data-attachment-id=\"12194\" data-permalink=\"https:\/\/beck-finkbeiner.ch\/?attachment_id=12194\" data-orig-file=\"https:\/\/i0.wp.com\/beck-finkbeiner.ch\/wp-content\/uploads\/2023\/06\/Header_LadenLiestal-ohne_logo-Kopie.jpg?fit=739%2C287&amp;ssl=1\" data-orig-size=\"739,287\" data-comments-opened=\"0\" data-image-meta=\"{&quot;aperture&quot;:&quot;0&quot;,&quot;credit&quot;:&quot;&quot;,&quot;camera&quot;:&quot;&quot;,&quot;caption&quot;:&quot;&quot;,&quot;created_timestamp&quot;:&quot;0&quot;,&quot;copyright&quot;:&quot;&quot;,&quot;focal_length&quot;:&quot;0&quot;,&quot;iso&quot;:&quot;0&quot;,&quot;shutter_speed&quot;:&quot;0&quot;,&quot;title&quot;:&quot;&quot;,&quot;orientation&quot;:&quot;1&quot;}\" data-image-title=\"Header_LadenLiestal-ohne_logo Kopie\" data-image-description=\"\" data-image-caption=\"\" data-medium-file=\"https:\/\/i0.wp.com\/beck-finkbeiner.ch\/wp-content\/uploads\/2023\/06\/Header_LadenLiestal-ohne_logo-Kopie.jpg?fit=300%2C117&amp;ssl=1\" data-large-file=\"https:\/\/i0.wp.com\/beck-finkbeiner.ch\/wp-content\/uploads\/2023\/06\/Header_LadenLiestal-ohne_logo-Kopie.jpg?fit=739%2C287&amp;ssl=1\" src=\"https:\/\/i0.wp.com\/beck-finkbeiner.ch\/wp-content\/uploads\/2023\/06\/Header_LadenLiestal-ohne_logo-Kopie.jpg?resize=739%2C287&#038;ssl=1\" alt=\"\" class=\"wp-image-12194\" srcset=\"https:\/\/i0.wp.com\/beck-finkbeiner.ch\/wp-content\/uploads\/2023\/06\/Header_LadenLiestal-ohne_logo-Kopie.jpg?w=739&amp;ssl=1 739w, https:\/\/i0.wp.com\/beck-finkbeiner.ch\/wp-content\/uploads\/2023\/06\/Header_LadenLiestal-ohne_logo-Kopie.jpg?resize=300%2C117&amp;ssl=1 300w, https:\/\/i0.wp.com\/beck-finkbeiner.ch\/wp-content\/uploads\/2023\/06\/Header_LadenLiestal-ohne_logo-Kopie.jpg?resize=416%2C162&amp;ssl=1 416w\" sizes=\"auto, (max-width: 739px) 100vw, 739px\" \/><\/a><\/figure>\n\n\nngg_shortcode_0_placeholder","protected":false},"excerpt":{"rendered":"","protected":false},"author":1,"featured_media":0,"parent":11543,"menu_order":1,"comment_status":"closed","ping_status":"closed","template":"","meta":{"_acf_changed":false,"_crdt_document":"","ngg_post_thumbnail":0,"jetpack_post_was_ever_published":false,"footnotes":""},"class_list":["post-1921","page","type-page","status-publish","hentry"],"acf":[],"jetpack_sharing_enabled":true,"jetpack_shortlink":"https:\/\/wp.me\/P7b9YP-uZ","jetpack-related-posts":[{"id":11543,"url":"https:\/\/beck-finkbeiner.ch\/?page_id=11543","url_meta":{"origin":1921,"position":0},"title":"Sortiment","author":"Andi Finkbeiner","date":"4. November 2021","format":false,"excerpt":"Laden B\u00e4ckerei Konditorei Apero & Zn\u00fcni","rel":"","context":"\u00c4hnlicher Beitrag","block_context":{"text":"\u00c4hnlicher Beitrag","link":""},"img":{"alt_text":"","src":"https:\/\/i0.wp.com\/beck-finkbeiner.ch\/wp-content\/uploads\/2023\/06\/Header_Praline2-ohne_logo-Kopie.jpg?resize=350%2C200&ssl=1","width":350,"height":200,"srcset":"https:\/\/i0.wp.com\/beck-finkbeiner.ch\/wp-content\/uploads\/2023\/06\/Header_Praline2-ohne_logo-Kopie.jpg?resize=350%2C200&ssl=1 1x, https:\/\/i0.wp.com\/beck-finkbeiner.ch\/wp-content\/uploads\/2023\/06\/Header_Praline2-ohne_logo-Kopie.jpg?resize=525%2C300&ssl=1 1.5x, https:\/\/i0.wp.com\/beck-finkbeiner.ch\/wp-content\/uploads\/2023\/06\/Header_Praline2-ohne_logo-Kopie.jpg?resize=700%2C400&ssl=1 2x"},"classes":[]},{"id":421,"url":"https:\/\/beck-finkbeiner.ch\/?page_id=421","url_meta":{"origin":1921,"position":1},"title":"Produkte &#8211; Apero &#038; Zn\u00fcni","author":"Andi Finkbeiner","date":"2. Februar 2014","format":false,"excerpt":"F\u00fcr den Apero... feine Sunneredli, gef\u00fcllte Br\u00f6tchen, Partybrote und so weiter. unsere Sunneredli machen wir nach dem originalen Rezept. oder f\u00fcr`s Zn\u00fcni Wurstweggen, Schinkengipfel, Ch\u00e4sch\u00fcechli oder Sandwiches in allen Variationen. \u00a0 \u00a0","rel":"","context":"\u00c4hnlicher Beitrag","block_context":{"text":"\u00c4hnlicher Beitrag","link":""},"img":{"alt_text":"Sunneredli","src":"https:\/\/i0.wp.com\/beck-finkbeiner.ch\/wp-content\/uploads\/2014\/02\/Sunneredli_09-150x150.jpg?resize=350%2C200","width":350,"height":200},"classes":[]},{"id":243,"url":"https:\/\/beck-finkbeiner.ch\/?page_id=243","url_meta":{"origin":1921,"position":2},"title":"Produkte &#8211; Konditorei","author":"Andi Finkbeiner","date":"4. Februar 2014","format":false,"excerpt":"Eine kleine Auswahl unserer s\u00fcssen K\u00f6stlichkeiten Auch Hochzeitstorten machen wir f\u00fcr Sie nach Ihren W\u00fcnschen, inklusive Lieferung in der n\u00e4heren Umgebung. normale und individuelle Torten.. auch spezielle Formen sind m\u00f6glich... F\u00fcr weitere Fragen beraten wir Sie gerne Pers\u00f6nlich. \u00a0","rel":"","context":"\u00c4hnlicher Beitrag","block_context":{"text":"\u00c4hnlicher Beitrag","link":""},"img":{"alt_text":"","src":"","width":0,"height":0},"classes":[]},{"id":188,"url":"https:\/\/beck-finkbeiner.ch\/?page_id=188","url_meta":{"origin":1921,"position":3},"title":"Produkte &#8211; B\u00e4ckerei","author":"Andi Finkbeiner","date":"2. Februar 2014","format":false,"excerpt":"Hier eine Auswahl unserer Brote und Br\u00f6tchen. \u00a0","rel":"","context":"\u00c4hnlicher Beitrag","block_context":{"text":"\u00c4hnlicher Beitrag","link":""},"img":{"alt_text":"","src":"","width":0,"height":0},"classes":[]},{"id":2574,"url":"https:\/\/beck-finkbeiner.ch\/?page_id=2574","url_meta":{"origin":1921,"position":4},"title":"2017 Unser neuer Laden Liestal","author":"Andi Finkbeiner","date":"22. August 2017","format":false,"excerpt":"Unser Laden in Liestal nach dem Umbau vom 24. Juni - 2. August 2017 \" order_by=\"filename\" order_direction=\"DESC\" returns=\"included\" maximum_entity_count=\"500\"]","rel":"","context":"\u00c4hnlicher Beitrag","block_context":{"text":"\u00c4hnlicher Beitrag","link":""},"img":{"alt_text":"","src":"","width":0,"height":0},"classes":[]},{"id":2644,"url":"https:\/\/beck-finkbeiner.ch\/?page_id=2644","url_meta":{"origin":1921,"position":5},"title":"2017 Laden Liestal Umbau","author":"Andi Finkbeiner","date":"22. August 2017","format":false,"excerpt":"","rel":"","context":"\u00c4hnlicher Beitrag","block_context":{"text":"\u00c4hnlicher Beitrag","link":""},"img":{"alt_text":"","src":"","width":0,"height":0},"classes":[]}],"jetpack_likes_enabled":false,"_links":{"self":[{"href":"https:\/\/beck-finkbeiner.ch\/index.php?rest_route=\/wp\/v2\/pages\/1921","targetHints":{"allow":["GET"]}}],"collection":[{"href":"https:\/\/beck-finkbeiner.ch\/index.php?rest_route=\/wp\/v2\/pages"}],"about":[{"href":"https:\/\/beck-finkbeiner.ch\/index.php?rest_route=\/wp\/v2\/types\/page"}],"author":[{"embeddable":true,"href":"https:\/\/beck-finkbeiner.ch\/index.php?rest_route=\/wp\/v2\/users\/1"}],"replies":[{"embeddable":true,"href":"https:\/\/beck-finkbeiner.ch\/index.php?rest_route=%2Fwp%2Fv2%2Fcomments&post=1921"}],"version-history":[{"count":2,"href":"https:\/\/beck-finkbeiner.ch\/index.php?rest_route=\/wp\/v2\/pages\/1921\/revisions"}],"predecessor-version":[{"id":12199,"href":"https:\/\/beck-finkbeiner.ch\/index.php?rest_route=\/wp\/v2\/pages\/1921\/revisions\/12199"}],"up":[{"embeddable":true,"href":"https:\/\/beck-finkbeiner.ch\/index.php?rest_route=\/wp\/v2\/pages\/11543"}],"wp:attachment":[{"href":"https:\/\/beck-finkbeiner.ch\/index.php?rest_route=%2Fwp%2Fv2%2Fmedia&parent=1921"}],"curies":[{"name":"wp","href":"https:\/\/api.w.org\/{rel}","templated":true}]}}