{"id":1629,"date":"2016-07-27T18:32:18","date_gmt":"2016-07-27T16:32:18","guid":{"rendered":"http:\/\/beck-finkbeiner.ch\/?page_id=1629"},"modified":"2016-07-27T18:35:01","modified_gmt":"2016-07-27T16:35:01","slug":"21-juli-2016-mokka-efti","status":"publish","type":"page","link":"https:\/\/beck-finkbeiner.ch\/?page_id=1629","title":{"rendered":"21. Juli 2016 Moka Efti"},"content":{"rendered":"<p>am 21. Juli 2016 durften wir bei unserem Kaffe-Lieferanten Moka Efti in Mendrisio (TI) bei der Produktion \u00fcber die Schulter schauen.<\/p>\n<p><!-- default-view.php -->\n<div\n\tclass=\"ngg-galleryoverview default-view\n\t\t\"\n\tid=\"ngg-gallery-63fe1efa6f4aec81090738a940ccf3b6-1\"\n\tdata-nextgen-gallery-id=\"19\"\n\tdata-gallery-id=\"19\"\n\t\tdata-gallery-name=\"MokkaEfti\"\n\t>\n\n\t\t<!-- Thumbnails -->\n\t\t\t\t<div id=\"ngg-image-0\" class=\"ngg-gallery-thumbnail-box\n\t\t\t\t\t\t\t\t\t\t\t\"\n\t\t\t>\n\t\t\t\t\t\t<div class=\"ngg-gallery-thumbnail\">\n\t\t<a href=\"https:\/\/beck-finkbeiner.ch\/wp-content\/gallery\/MokkaEfti\/IMG-20160721-WA0027.jpg?t=1469637594\"\n\t\t\ttitle=\"\"\n\t\t\tdata-src=\"https:\/\/beck-finkbeiner.ch\/wp-content\/gallery\/MokkaEfti\/IMG-20160721-WA0027.jpg?t=1469637594\"\n\t\t\tdata-thumbnail=\"https:\/\/beck-finkbeiner.ch\/wp-content\/gallery\/MokkaEfti\/thumbs\/thumbs_IMG-20160721-WA0027.jpg?t=1469637594\"\n\t\t\tdata-image-id=\"923\"\n\t\t\tdata-image-name=\"IMG-20160721-WA0027.jpg\"\n\t\t\tdata-title=\"IMG-20160721-WA0027\"\n\t\t\tdata-description=\"\"\n\t\t\tdata-image-slug=\"img-20160721-wa0027-1\"\n\t\t\t\t\t\t\t\t\t\t\t\t\t\t\t\t\t\t\t\tclass=\"ngg-fancybox\" rel=\"63fe1efa6f4aec81090738a940ccf3b6\">\n\t\t\t\t\t\t\t\t<img\n\t\t\t\t\ttitle=\"IMG-20160721-WA0027\"\n\t\t\t\t\talt=\"IMG-20160721-WA0027\"\n\t\t\t\t\tsrc=\"https:\/\/beck-finkbeiner.ch\/wp-content\/gallery\/MokkaEfti\/thumbs\/thumbs_IMG-20160721-WA0027.jpg?t=1469637594\"\n\t\t\t\t\twidth=\"120\"\n\t\t\t\t\theight=\"90\"\n\t\t\t\t\tstyle=\"max-width:100%;\"\n\t\t\t\t\/>\n\t\t\t<\/a>\n\t\t<\/div>\n\t\t\t\t\t\t\t<\/div>\n\t\t\t\n\t\t\t\t<div id=\"ngg-image-1\" class=\"ngg-gallery-thumbnail-box\n\t\t\t\t\t\t\t\t\t\t\t\"\n\t\t\t>\n\t\t\t\t\t\t<div class=\"ngg-gallery-thumbnail\">\n\t\t<a href=\"https:\/\/beck-finkbeiner.ch\/wp-content\/gallery\/MokkaEfti\/IMG-20160721-WA0026.jpg?t=1469513132\"\n\t\t\ttitle=\" \"\n\t\t\tdata-src=\"https:\/\/beck-finkbeiner.ch\/wp-content\/gallery\/MokkaEfti\/IMG-20160721-WA0026.jpg?t=1469513132\"\n\t\t\tdata-thumbnail=\"https:\/\/beck-finkbeiner.ch\/wp-content\/gallery\/MokkaEfti\/thumbs\/thumbs_IMG-20160721-WA0026.jpg?t=1469513132\"\n\t\t\tdata-image-id=\"922\"\n\t\t\tdata-image-name=\"IMG-20160721-WA0026.jpg\"\n\t\t\tdata-title=\"IMG-20160721-WA0026\"\n\t\t\tdata-description=\" \"\n\t\t\tdata-image-slug=\"img-20160721-wa0026-1\"\n\t\t\t\t\t\t\t\t\t\t\t\t\t\t\t\t\t\t\t\tclass=\"ngg-fancybox\" rel=\"63fe1efa6f4aec81090738a940ccf3b6\">\n\t\t\t\t\t\t\t\t<img\n\t\t\t\t\ttitle=\"IMG-20160721-WA0026\"\n\t\t\t\t\talt=\"IMG-20160721-WA0026\"\n\t\t\t\t\tsrc=\"https:\/\/beck-finkbeiner.ch\/wp-content\/gallery\/MokkaEfti\/thumbs\/thumbs_IMG-20160721-WA0026.jpg?t=1469513132\"\n\t\t\t\t\twidth=\"120\"\n\t\t\t\t\theight=\"90\"\n\t\t\t\t\tstyle=\"max-width:100%;\"\n\t\t\t\t\/>\n\t\t\t<\/a>\n\t\t<\/div>\n\t\t\t\t\t\t\t<\/div>\n\t\t\t\n\t\t\t\t<div id=\"ngg-image-2\" class=\"ngg-gallery-thumbnail-box\n\t\t\t\t\t\t\t\t\t\t\t\"\n\t\t\t>\n\t\t\t\t\t\t<div class=\"ngg-gallery-thumbnail\">\n\t\t<a href=\"https:\/\/beck-finkbeiner.ch\/wp-content\/gallery\/MokkaEfti\/IMG-20160721-WA0024.jpg?t=1469513132\"\n\t\t\ttitle=\" \"\n\t\t\tdata-src=\"https:\/\/beck-finkbeiner.ch\/wp-content\/gallery\/MokkaEfti\/IMG-20160721-WA0024.jpg?t=1469513132\"\n\t\t\tdata-thumbnail=\"https:\/\/beck-finkbeiner.ch\/wp-content\/gallery\/MokkaEfti\/thumbs\/thumbs_IMG-20160721-WA0024.jpg?t=1469513132\"\n\t\t\tdata-image-id=\"920\"\n\t\t\tdata-image-name=\"IMG-20160721-WA0024.jpg\"\n\t\t\tdata-title=\"IMG-20160721-WA0024\"\n\t\t\tdata-description=\" \"\n\t\t\tdata-image-slug=\"img-20160721-wa0024-1\"\n\t\t\t\t\t\t\t\t\t\t\t\t\t\t\t\t\t\t\t\tclass=\"ngg-fancybox\" rel=\"63fe1efa6f4aec81090738a940ccf3b6\">\n\t\t\t\t\t\t\t\t<img\n\t\t\t\t\ttitle=\"IMG-20160721-WA0024\"\n\t\t\t\t\talt=\"IMG-20160721-WA0024\"\n\t\t\t\t\tsrc=\"https:\/\/beck-finkbeiner.ch\/wp-content\/gallery\/MokkaEfti\/thumbs\/thumbs_IMG-20160721-WA0024.jpg?t=1469513132\"\n\t\t\t\t\twidth=\"120\"\n\t\t\t\t\theight=\"90\"\n\t\t\t\t\tstyle=\"max-width:100%;\"\n\t\t\t\t\/>\n\t\t\t<\/a>\n\t\t<\/div>\n\t\t\t\t\t\t\t<\/div>\n\t\t\t\n\t\t\t\t<div id=\"ngg-image-3\" class=\"ngg-gallery-thumbnail-box\n\t\t\t\t\t\t\t\t\t\t\t\"\n\t\t\t>\n\t\t\t\t\t\t<div class=\"ngg-gallery-thumbnail\">\n\t\t<a href=\"https:\/\/beck-finkbeiner.ch\/wp-content\/gallery\/MokkaEfti\/IMG-20160721-WA0023.jpg?t=1469513132\"\n\t\t\ttitle=\" \"\n\t\t\tdata-src=\"https:\/\/beck-finkbeiner.ch\/wp-content\/gallery\/MokkaEfti\/IMG-20160721-WA0023.jpg?t=1469513132\"\n\t\t\tdata-thumbnail=\"https:\/\/beck-finkbeiner.ch\/wp-content\/gallery\/MokkaEfti\/thumbs\/thumbs_IMG-20160721-WA0023.jpg?t=1469513132\"\n\t\t\tdata-image-id=\"919\"\n\t\t\tdata-image-name=\"IMG-20160721-WA0023.jpg\"\n\t\t\tdata-title=\"IMG-20160721-WA0023\"\n\t\t\tdata-description=\" \"\n\t\t\tdata-image-slug=\"img-20160721-wa0023-1\"\n\t\t\t\t\t\t\t\t\t\t\t\t\t\t\t\t\t\t\t\tclass=\"ngg-fancybox\" rel=\"63fe1efa6f4aec81090738a940ccf3b6\">\n\t\t\t\t\t\t\t\t<img\n\t\t\t\t\ttitle=\"IMG-20160721-WA0023\"\n\t\t\t\t\talt=\"IMG-20160721-WA0023\"\n\t\t\t\t\tsrc=\"https:\/\/beck-finkbeiner.ch\/wp-content\/gallery\/MokkaEfti\/thumbs\/thumbs_IMG-20160721-WA0023.jpg?t=1469513132\"\n\t\t\t\t\twidth=\"120\"\n\t\t\t\t\theight=\"90\"\n\t\t\t\t\tstyle=\"max-width:100%;\"\n\t\t\t\t\/>\n\t\t\t<\/a>\n\t\t<\/div>\n\t\t\t\t\t\t\t<\/div>\n\t\t\t\n\t\t\t\t<div id=\"ngg-image-4\" class=\"ngg-gallery-thumbnail-box\n\t\t\t\t\t\t\t\t\t\t\t\"\n\t\t\t>\n\t\t\t\t\t\t<div class=\"ngg-gallery-thumbnail\">\n\t\t<a href=\"https:\/\/beck-finkbeiner.ch\/wp-content\/gallery\/MokkaEfti\/IMG-20160721-WA0022.jpg?t=1469513132\"\n\t\t\ttitle=\" \"\n\t\t\tdata-src=\"https:\/\/beck-finkbeiner.ch\/wp-content\/gallery\/MokkaEfti\/IMG-20160721-WA0022.jpg?t=1469513132\"\n\t\t\tdata-thumbnail=\"https:\/\/beck-finkbeiner.ch\/wp-content\/gallery\/MokkaEfti\/thumbs\/thumbs_IMG-20160721-WA0022.jpg?t=1469513132\"\n\t\t\tdata-image-id=\"918\"\n\t\t\tdata-image-name=\"IMG-20160721-WA0022.jpg\"\n\t\t\tdata-title=\"IMG-20160721-WA0022\"\n\t\t\tdata-description=\" \"\n\t\t\tdata-image-slug=\"img-20160721-wa0022-1\"\n\t\t\t\t\t\t\t\t\t\t\t\t\t\t\t\t\t\t\t\tclass=\"ngg-fancybox\" rel=\"63fe1efa6f4aec81090738a940ccf3b6\">\n\t\t\t\t\t\t\t\t<img\n\t\t\t\t\ttitle=\"IMG-20160721-WA0022\"\n\t\t\t\t\talt=\"IMG-20160721-WA0022\"\n\t\t\t\t\tsrc=\"https:\/\/beck-finkbeiner.ch\/wp-content\/gallery\/MokkaEfti\/thumbs\/thumbs_IMG-20160721-WA0022.jpg?t=1469513132\"\n\t\t\t\t\twidth=\"120\"\n\t\t\t\t\theight=\"90\"\n\t\t\t\t\tstyle=\"max-width:100%;\"\n\t\t\t\t\/>\n\t\t\t<\/a>\n\t\t<\/div>\n\t\t\t\t\t\t\t<\/div>\n\t\t\t\n\t\t\t\t<div id=\"ngg-image-5\" class=\"ngg-gallery-thumbnail-box\n\t\t\t\t\t\t\t\t\t\t\t\"\n\t\t\t>\n\t\t\t\t\t\t<div class=\"ngg-gallery-thumbnail\">\n\t\t<a href=\"https:\/\/beck-finkbeiner.ch\/wp-content\/gallery\/MokkaEfti\/IMG-20160721-WA0021.jpg?t=1469513132\"\n\t\t\ttitle=\" \"\n\t\t\tdata-src=\"https:\/\/beck-finkbeiner.ch\/wp-content\/gallery\/MokkaEfti\/IMG-20160721-WA0021.jpg?t=1469513132\"\n\t\t\tdata-thumbnail=\"https:\/\/beck-finkbeiner.ch\/wp-content\/gallery\/MokkaEfti\/thumbs\/thumbs_IMG-20160721-WA0021.jpg?t=1469513132\"\n\t\t\tdata-image-id=\"917\"\n\t\t\tdata-image-name=\"IMG-20160721-WA0021.jpg\"\n\t\t\tdata-title=\"IMG-20160721-WA0021\"\n\t\t\tdata-description=\" \"\n\t\t\tdata-image-slug=\"img-20160721-wa0021-1\"\n\t\t\t\t\t\t\t\t\t\t\t\t\t\t\t\t\t\t\t\tclass=\"ngg-fancybox\" rel=\"63fe1efa6f4aec81090738a940ccf3b6\">\n\t\t\t\t\t\t\t\t<img\n\t\t\t\t\ttitle=\"IMG-20160721-WA0021\"\n\t\t\t\t\talt=\"IMG-20160721-WA0021\"\n\t\t\t\t\tsrc=\"https:\/\/beck-finkbeiner.ch\/wp-content\/gallery\/MokkaEfti\/thumbs\/thumbs_IMG-20160721-WA0021.jpg?t=1469513132\"\n\t\t\t\t\twidth=\"120\"\n\t\t\t\t\theight=\"90\"\n\t\t\t\t\tstyle=\"max-width:100%;\"\n\t\t\t\t\/>\n\t\t\t<\/a>\n\t\t<\/div>\n\t\t\t\t\t\t\t<\/div>\n\t\t\t\n\t\t\t\t<div id=\"ngg-image-6\" class=\"ngg-gallery-thumbnail-box\n\t\t\t\t\t\t\t\t\t\t\t\"\n\t\t\t>\n\t\t\t\t\t\t<div class=\"ngg-gallery-thumbnail\">\n\t\t<a href=\"https:\/\/beck-finkbeiner.ch\/wp-content\/gallery\/MokkaEfti\/IMG-20160721-WA0020.jpg?t=1469513132\"\n\t\t\ttitle=\" \"\n\t\t\tdata-src=\"https:\/\/beck-finkbeiner.ch\/wp-content\/gallery\/MokkaEfti\/IMG-20160721-WA0020.jpg?t=1469513132\"\n\t\t\tdata-thumbnail=\"https:\/\/beck-finkbeiner.ch\/wp-content\/gallery\/MokkaEfti\/thumbs\/thumbs_IMG-20160721-WA0020.jpg?t=1469513132\"\n\t\t\tdata-image-id=\"916\"\n\t\t\tdata-image-name=\"IMG-20160721-WA0020.jpg\"\n\t\t\tdata-title=\"IMG-20160721-WA0020\"\n\t\t\tdata-description=\" \"\n\t\t\tdata-image-slug=\"img-20160721-wa0020-1\"\n\t\t\t\t\t\t\t\t\t\t\t\t\t\t\t\t\t\t\t\tclass=\"ngg-fancybox\" rel=\"63fe1efa6f4aec81090738a940ccf3b6\">\n\t\t\t\t\t\t\t\t<img\n\t\t\t\t\ttitle=\"IMG-20160721-WA0020\"\n\t\t\t\t\talt=\"IMG-20160721-WA0020\"\n\t\t\t\t\tsrc=\"https:\/\/beck-finkbeiner.ch\/wp-content\/gallery\/MokkaEfti\/thumbs\/thumbs_IMG-20160721-WA0020.jpg?t=1469513132\"\n\t\t\t\t\twidth=\"120\"\n\t\t\t\t\theight=\"90\"\n\t\t\t\t\tstyle=\"max-width:100%;\"\n\t\t\t\t\/>\n\t\t\t<\/a>\n\t\t<\/div>\n\t\t\t\t\t\t\t<\/div>\n\t\t\t\n\t\t\t\t<div id=\"ngg-image-7\" class=\"ngg-gallery-thumbnail-box\n\t\t\t\t\t\t\t\t\t\t\t\"\n\t\t\t>\n\t\t\t\t\t\t<div class=\"ngg-gallery-thumbnail\">\n\t\t<a href=\"https:\/\/beck-finkbeiner.ch\/wp-content\/gallery\/MokkaEfti\/IMG-20160721-WA0019.jpg?t=1469513132\"\n\t\t\ttitle=\" \"\n\t\t\tdata-src=\"https:\/\/beck-finkbeiner.ch\/wp-content\/gallery\/MokkaEfti\/IMG-20160721-WA0019.jpg?t=1469513132\"\n\t\t\tdata-thumbnail=\"https:\/\/beck-finkbeiner.ch\/wp-content\/gallery\/MokkaEfti\/thumbs\/thumbs_IMG-20160721-WA0019.jpg?t=1469513132\"\n\t\t\tdata-image-id=\"915\"\n\t\t\tdata-image-name=\"IMG-20160721-WA0019.jpg\"\n\t\t\tdata-title=\"IMG-20160721-WA0019\"\n\t\t\tdata-description=\" \"\n\t\t\tdata-image-slug=\"img-20160721-wa0019-1\"\n\t\t\t\t\t\t\t\t\t\t\t\t\t\t\t\t\t\t\t\tclass=\"ngg-fancybox\" rel=\"63fe1efa6f4aec81090738a940ccf3b6\">\n\t\t\t\t\t\t\t\t<img\n\t\t\t\t\ttitle=\"IMG-20160721-WA0019\"\n\t\t\t\t\talt=\"IMG-20160721-WA0019\"\n\t\t\t\t\tsrc=\"https:\/\/beck-finkbeiner.ch\/wp-content\/gallery\/MokkaEfti\/thumbs\/thumbs_IMG-20160721-WA0019.jpg?t=1469513132\"\n\t\t\t\t\twidth=\"120\"\n\t\t\t\t\theight=\"90\"\n\t\t\t\t\tstyle=\"max-width:100%;\"\n\t\t\t\t\/>\n\t\t\t<\/a>\n\t\t<\/div>\n\t\t\t\t\t\t\t<\/div>\n\t\t\t\n\t\t\t\t<div id=\"ngg-image-8\" class=\"ngg-gallery-thumbnail-box\n\t\t\t\t\t\t\t\t\t\t\t\"\n\t\t\t>\n\t\t\t\t\t\t<div class=\"ngg-gallery-thumbnail\">\n\t\t<a href=\"https:\/\/beck-finkbeiner.ch\/wp-content\/gallery\/MokkaEfti\/IMG-20160721-WA0017.jpg?t=1469513132\"\n\t\t\ttitle=\" \"\n\t\t\tdata-src=\"https:\/\/beck-finkbeiner.ch\/wp-content\/gallery\/MokkaEfti\/IMG-20160721-WA0017.jpg?t=1469513132\"\n\t\t\tdata-thumbnail=\"https:\/\/beck-finkbeiner.ch\/wp-content\/gallery\/MokkaEfti\/thumbs\/thumbs_IMG-20160721-WA0017.jpg?t=1469513132\"\n\t\t\tdata-image-id=\"914\"\n\t\t\tdata-image-name=\"IMG-20160721-WA0017.jpg\"\n\t\t\tdata-title=\"IMG-20160721-WA0017\"\n\t\t\tdata-description=\" \"\n\t\t\tdata-image-slug=\"img-20160721-wa0017-1\"\n\t\t\t\t\t\t\t\t\t\t\t\t\t\t\t\t\t\t\t\tclass=\"ngg-fancybox\" rel=\"63fe1efa6f4aec81090738a940ccf3b6\">\n\t\t\t\t\t\t\t\t<img\n\t\t\t\t\ttitle=\"IMG-20160721-WA0017\"\n\t\t\t\t\talt=\"IMG-20160721-WA0017\"\n\t\t\t\t\tsrc=\"https:\/\/beck-finkbeiner.ch\/wp-content\/gallery\/MokkaEfti\/thumbs\/thumbs_IMG-20160721-WA0017.jpg?t=1469513132\"\n\t\t\t\t\twidth=\"120\"\n\t\t\t\t\theight=\"90\"\n\t\t\t\t\tstyle=\"max-width:100%;\"\n\t\t\t\t\/>\n\t\t\t<\/a>\n\t\t<\/div>\n\t\t\t\t\t\t\t<\/div>\n\t\t\t\n\t\t\t\t<div id=\"ngg-image-9\" class=\"ngg-gallery-thumbnail-box\n\t\t\t\t\t\t\t\t\t\t\t\"\n\t\t\t>\n\t\t\t\t\t\t<div class=\"ngg-gallery-thumbnail\">\n\t\t<a href=\"https:\/\/beck-finkbeiner.ch\/wp-content\/gallery\/MokkaEfti\/IMG-20160721-WA0015.jpg?t=1469513132\"\n\t\t\ttitle=\" \"\n\t\t\tdata-src=\"https:\/\/beck-finkbeiner.ch\/wp-content\/gallery\/MokkaEfti\/IMG-20160721-WA0015.jpg?t=1469513132\"\n\t\t\tdata-thumbnail=\"https:\/\/beck-finkbeiner.ch\/wp-content\/gallery\/MokkaEfti\/thumbs\/thumbs_IMG-20160721-WA0015.jpg?t=1469513132\"\n\t\t\tdata-image-id=\"913\"\n\t\t\tdata-image-name=\"IMG-20160721-WA0015.jpg\"\n\t\t\tdata-title=\"IMG-20160721-WA0015\"\n\t\t\tdata-description=\" \"\n\t\t\tdata-image-slug=\"img-20160721-wa0015-1\"\n\t\t\t\t\t\t\t\t\t\t\t\t\t\t\t\t\t\t\t\tclass=\"ngg-fancybox\" rel=\"63fe1efa6f4aec81090738a940ccf3b6\">\n\t\t\t\t\t\t\t\t<img\n\t\t\t\t\ttitle=\"IMG-20160721-WA0015\"\n\t\t\t\t\talt=\"IMG-20160721-WA0015\"\n\t\t\t\t\tsrc=\"https:\/\/beck-finkbeiner.ch\/wp-content\/gallery\/MokkaEfti\/thumbs\/thumbs_IMG-20160721-WA0015.jpg?t=1469513132\"\n\t\t\t\t\twidth=\"120\"\n\t\t\t\t\theight=\"90\"\n\t\t\t\t\tstyle=\"max-width:100%;\"\n\t\t\t\t\/>\n\t\t\t<\/a>\n\t\t<\/div>\n\t\t\t\t\t\t\t<\/div>\n\t\t\t\n\t\n\t<br style=\"clear: both\" \/>\n\n\t\t<div class=\"slideshowlink\">\n\t\t<a href='https:\/\/beck-finkbeiner.ch\/index.php\/nggallery\/slideshow?page_id=1629'>[Show slideshow]<\/a>\n\n\t<\/div>\n\t\n\t\t<!-- Pagination -->\n\t\t<div class='ngg-clear'><\/div>\t<\/div>\n<\/p>\n<p><a href=\"http:\/\/www.mokaefti.ch\/index.php?node=289&amp;lng=2&amp;rif=184b4d2462\" target=\"_blank\">Link zu Moka Efti<\/a><\/p>\n","protected":false},"excerpt":{"rendered":"<p>am 21. Juli 2016 durften wir bei unserem Kaffe-Lieferanten Moka Efti in Mendrisio (TI) bei der Produktion \u00fcber die Schulter schauen. [Show slideshow] Link zu Moka Efti<\/p>\n","protected":false},"author":1,"featured_media":1632,"parent":154,"menu_order":0,"comment_status":"closed","ping_status":"closed","template":"","meta":{"_acf_changed":false,"_crdt_document":"","ngg_post_thumbnail":0,"jetpack_post_was_ever_published":false,"footnotes":""},"class_list":["post-1629","page","type-page","status-publish","has-post-thumbnail","hentry"],"acf":[],"jetpack_sharing_enabled":true,"jetpack_shortlink":"https:\/\/wp.me\/P7b9YP-qh","jetpack-related-posts":[{"id":154,"url":"https:\/\/beck-finkbeiner.ch\/?page_id=154","url_meta":{"origin":1629,"position":0},"title":"Impressionen","author":"Andi Finkbeiner","date":"22. Oktober 2013","format":false,"excerpt":"21. Juli 2016 Moka Efti 22. Juli 2015 Ferienpass 2014 Artificia 2013 Abschiedsfest Edi & Martin 2010 Jubil\u00e4umsfest 100 Jahre 2007 Wiederer\u00f6ffnung Filiale Pratteln Chronik Bilder","rel":"","context":"\u00c4hnlicher Beitrag","block_context":{"text":"\u00c4hnlicher Beitrag","link":""},"img":{"alt_text":"","src":"","width":0,"height":0},"classes":[]},{"id":1308,"url":"https:\/\/beck-finkbeiner.ch\/?page_id=1308","url_meta":{"origin":1629,"position":1},"title":"Ferienpass 22. Juli 2015","author":"Andi Finkbeiner","date":"23. Juli 2015","format":false,"excerpt":"","rel":"","context":"\u00c4hnlicher Beitrag","block_context":{"text":"\u00c4hnlicher Beitrag","link":""},"img":{"alt_text":"","src":"","width":0,"height":0},"classes":[]},{"id":2085,"url":"https:\/\/beck-finkbeiner.ch\/?page_id=2085","url_meta":{"origin":1629,"position":2},"title":"Allgemeine Gesch\u00e4ftsbedingungen","author":"Andi Finkbeiner","date":"5. Mai 2017","format":false,"excerpt":"Allgemeines Nachstehende allgemeine Gesch\u00e4ftsbedingungen gelten f\u00fcr alle Vertr\u00e4ge, Lieferungen und sonstige Leistungen. Abweichenden Vorschriften des Vertragspartners widersprechen wir hiermit ausdr\u00fccklich. Alle Nebenabreden bed\u00fcrfen der schriftlichen Best\u00e4tigung unsererseits. Die Finkbeiner GmbH B\u00e4ckerei Konditorei ist jederzeit berechtigt, diese allgemeinen Gesch\u00e4ftsbedingungen einschliesslich aller eventuellen Anlagen mit einer angemessenen K\u00fcndigungsfrist zu \u00e4ndern oder zu\u2026","rel":"","context":"\u00c4hnlicher Beitrag","block_context":{"text":"\u00c4hnlicher Beitrag","link":""},"img":{"alt_text":"","src":"","width":0,"height":0},"classes":[]},{"id":3237,"url":"https:\/\/beck-finkbeiner.ch\/?page_id=3237","url_meta":{"origin":1629,"position":3},"title":"Nachhaltigkeit","author":"Andi Finkbeiner","date":"31. Januar 2019","format":false,"excerpt":"Als zertifizierter IP-Suisse-Betrieb haben wir uns verpflichtet, wenn immer m\u00f6glich Brot aus IP-Suisse Mehl zu verwenden. Dieses Label setzt sich ein f\u00fcr: Wir produzieren tiergerecht, umweltfreundlich und in respektvollem Umgang mit den Menschen geschmackvolle Lebensmittel, die f\u00fcr jeden erschwinglich sind. Damit jeder seinen Beitrag an nachhaltige Landwirtschaft leisten kann. Heute\u2026","rel":"","context":"\u00c4hnlicher Beitrag","block_context":{"text":"\u00c4hnlicher Beitrag","link":""},"img":{"alt_text":"","src":"https:\/\/i0.wp.com\/beck-finkbeiner.ch\/wp-content\/uploads\/2019\/01\/OutletShop-logo.png?resize=350%2C200","width":350,"height":200},"classes":[]},{"id":2122,"url":"https:\/\/beck-finkbeiner.ch\/?page_id=2122","url_meta":{"origin":1629,"position":4},"title":"Datenschutzerkl\u00e4rung","author":"Andi Finkbeiner","date":"12. Mai 2017","format":false,"excerpt":"Diese Datenschutzerkl\u00e4rung kl\u00e4rt \u00fcber die Art, den Umfang und Zweck der Verarbeitung (u.a. Erhebung, Verarbeitung und Nutzung sowie Einholung von Einwilligungen) von personenbezogenen Daten innerhalb unseres Onlineangebotes und der mit ihm verbundenen Webseiten, Funktionen und Inhalte (nachfolgend gemeinsam bezeichnet als \u201eOnlineangebot\u201c oder \u201eWebsite\u201c) auf. Die Datenschutzerkl\u00e4rung gilt unabh\u00e4ngig von den\u2026","rel":"","context":"\u00c4hnlicher Beitrag","block_context":{"text":"\u00c4hnlicher Beitrag","link":""},"img":{"alt_text":"","src":"","width":0,"height":0},"classes":[]}],"jetpack_likes_enabled":false,"_links":{"self":[{"href":"https:\/\/beck-finkbeiner.ch\/index.php?rest_route=\/wp\/v2\/pages\/1629","targetHints":{"allow":["GET"]}}],"collection":[{"href":"https:\/\/beck-finkbeiner.ch\/index.php?rest_route=\/wp\/v2\/pages"}],"about":[{"href":"https:\/\/beck-finkbeiner.ch\/index.php?rest_route=\/wp\/v2\/types\/page"}],"author":[{"embeddable":true,"href":"https:\/\/beck-finkbeiner.ch\/index.php?rest_route=\/wp\/v2\/users\/1"}],"replies":[{"embeddable":true,"href":"https:\/\/beck-finkbeiner.ch\/index.php?rest_route=%2Fwp%2Fv2%2Fcomments&post=1629"}],"version-history":[{"count":3,"href":"https:\/\/beck-finkbeiner.ch\/index.php?rest_route=\/wp\/v2\/pages\/1629\/revisions"}],"predecessor-version":[{"id":1634,"href":"https:\/\/beck-finkbeiner.ch\/index.php?rest_route=\/wp\/v2\/pages\/1629\/revisions\/1634"}],"up":[{"embeddable":true,"href":"https:\/\/beck-finkbeiner.ch\/index.php?rest_route=\/wp\/v2\/pages\/154"}],"wp:featuredmedia":[{"embeddable":true,"href":"https:\/\/beck-finkbeiner.ch\/index.php?rest_route=\/wp\/v2\/media\/1632"}],"wp:attachment":[{"href":"https:\/\/beck-finkbeiner.ch\/index.php?rest_route=%2Fwp%2Fv2%2Fmedia&parent=1629"}],"curies":[{"name":"wp","href":"https:\/\/api.w.org\/{rel}","templated":true}]}}