{"id":11543,"date":"2021-11-04T10:56:18","date_gmt":"2021-11-04T09:56:18","guid":{"rendered":"https:\/\/beck-finkbeiner.ch\/?page_id=11543"},"modified":"2023-06-14T08:05:52","modified_gmt":"2023-06-14T07:05:52","slug":"produkte","status":"publish","type":"page","link":"https:\/\/beck-finkbeiner.ch\/?page_id=11543","title":{"rendered":"Sortiment"},"content":{"rendered":"\n<figure class=\"wp-block-image size-full\"><a href=\"https:\/\/i0.wp.com\/beck-finkbeiner.ch\/wp-content\/uploads\/2023\/06\/Header_Praline2-ohne_logo-Kopie.jpg?ssl=1\"><img data-recalc-dims=\"1\" loading=\"lazy\" decoding=\"async\" width=\"738\" height=\"287\" data-attachment-id=\"12193\" data-permalink=\"https:\/\/beck-finkbeiner.ch\/?attachment_id=12193\" data-orig-file=\"https:\/\/i0.wp.com\/beck-finkbeiner.ch\/wp-content\/uploads\/2023\/06\/Header_Praline2-ohne_logo-Kopie.jpg?fit=738%2C287&amp;ssl=1\" data-orig-size=\"738,287\" data-comments-opened=\"0\" data-image-meta=\"{&quot;aperture&quot;:&quot;0&quot;,&quot;credit&quot;:&quot;&quot;,&quot;camera&quot;:&quot;&quot;,&quot;caption&quot;:&quot;&quot;,&quot;created_timestamp&quot;:&quot;0&quot;,&quot;copyright&quot;:&quot;&quot;,&quot;focal_length&quot;:&quot;0&quot;,&quot;iso&quot;:&quot;0&quot;,&quot;shutter_speed&quot;:&quot;0&quot;,&quot;title&quot;:&quot;&quot;,&quot;orientation&quot;:&quot;1&quot;}\" data-image-title=\"Header_Praline2-ohne_logo Kopie\" data-image-description=\"\" data-image-caption=\"\" data-large-file=\"https:\/\/i0.wp.com\/beck-finkbeiner.ch\/wp-content\/uploads\/2023\/06\/Header_Praline2-ohne_logo-Kopie.jpg?fit=738%2C287&amp;ssl=1\" src=\"https:\/\/i0.wp.com\/beck-finkbeiner.ch\/wp-content\/uploads\/2023\/06\/Header_Praline2-ohne_logo-Kopie.jpg?resize=738%2C287&#038;ssl=1\" alt=\"\" class=\"wp-image-12193\" srcset=\"https:\/\/i0.wp.com\/beck-finkbeiner.ch\/wp-content\/uploads\/2023\/06\/Header_Praline2-ohne_logo-Kopie.jpg?w=738&amp;ssl=1 738w, https:\/\/i0.wp.com\/beck-finkbeiner.ch\/wp-content\/uploads\/2023\/06\/Header_Praline2-ohne_logo-Kopie.jpg?resize=300%2C117&amp;ssl=1 300w, https:\/\/i0.wp.com\/beck-finkbeiner.ch\/wp-content\/uploads\/2023\/06\/Header_Praline2-ohne_logo-Kopie.jpg?resize=416%2C162&amp;ssl=1 416w\" sizes=\"auto, (max-width: 738px) 100vw, 738px\" \/><\/a><\/figure>\n\n\n\n<p class=\"wp-block-paragraph\"><strong><a href=\"https:\/\/beck-finkbeiner.ch\/?page_id=1921\" data-type=\"page\" data-id=\"1921\">Laden<\/a><\/strong><\/p>\n\n\n\n<p class=\"wp-block-paragraph\"><a href=\"https:\/\/beck-finkbeiner.ch\/?page_id=188\" data-type=\"page\" data-id=\"188\"><strong>B\u00e4ckerei<\/strong><\/a><\/p>\n\n\n\n<p class=\"wp-block-paragraph\"><a href=\"https:\/\/beck-finkbeiner.ch\/?page_id=243\" data-type=\"page\" data-id=\"243\"><strong>Konditorei<\/strong><\/a><\/p>\n\n\n\n<p class=\"wp-block-paragraph\"><strong><a href=\"https:\/\/beck-finkbeiner.ch\/?page_id=421\" data-type=\"page\" data-id=\"421\">Apero &amp; Zn\u00fcni<\/a><\/strong><\/p>\n","protected":false},"excerpt":{"rendered":"<p>Laden B\u00e4ckerei Konditorei Apero &amp; Zn\u00fcni<\/p>\n","protected":false},"author":1,"featured_media":0,"parent":0,"menu_order":0,"comment_status":"closed","ping_status":"closed","template":"","meta":{"_acf_changed":false,"_crdt_document":"","ngg_post_thumbnail":0,"jetpack_post_was_ever_published":false,"footnotes":""},"class_list":["post-11543","page","type-page","status-publish","hentry"],"acf":[],"jetpack_sharing_enabled":true,"jetpack_shortlink":"https:\/\/wp.me\/P7b9YP-30b","jetpack-related-posts":[{"id":2085,"url":"https:\/\/beck-finkbeiner.ch\/?page_id=2085","url_meta":{"origin":11543,"position":0},"title":"Allgemeine Gesch\u00e4ftsbedingungen","author":"Andi Finkbeiner","date":"5. Mai 2017","format":false,"excerpt":"Allgemeines Nachstehende allgemeine Gesch\u00e4ftsbedingungen gelten f\u00fcr alle Vertr\u00e4ge, Lieferungen und sonstige Leistungen. Abweichenden Vorschriften des Vertragspartners widersprechen wir hiermit ausdr\u00fccklich. Alle Nebenabreden bed\u00fcrfen der schriftlichen Best\u00e4tigung unsererseits. Die Finkbeiner GmbH B\u00e4ckerei Konditorei ist jederzeit berechtigt, diese allgemeinen Gesch\u00e4ftsbedingungen einschliesslich aller eventuellen Anlagen mit einer angemessenen K\u00fcndigungsfrist zu \u00e4ndern oder zu\u2026","rel":"","context":"\u00c4hnlicher Beitrag","block_context":{"text":"\u00c4hnlicher Beitrag","link":""},"img":{"alt_text":"","src":"","width":0,"height":0},"classes":[]},{"id":421,"url":"https:\/\/beck-finkbeiner.ch\/?page_id=421","url_meta":{"origin":11543,"position":1},"title":"Produkte &#8211; Apero &#038; Zn\u00fcni","author":"Andi Finkbeiner","date":"2. Februar 2014","format":false,"excerpt":"F\u00fcr den Apero... feine Sunneredli, gef\u00fcllte Br\u00f6tchen, Partybrote und so weiter. unsere Sunneredli machen wir nach dem originalen Rezept. oder f\u00fcr`s Zn\u00fcni Wurstweggen, Schinkengipfel, Ch\u00e4sch\u00fcechli oder Sandwiches in allen Variationen. \u00a0 \u00a0","rel":"","context":"\u00c4hnlicher Beitrag","block_context":{"text":"\u00c4hnlicher Beitrag","link":""},"img":{"alt_text":"Sunneredli","src":"https:\/\/i0.wp.com\/beck-finkbeiner.ch\/wp-content\/uploads\/2014\/02\/Sunneredli_09-150x150.jpg?resize=350%2C200","width":350,"height":200},"classes":[]},{"id":2116,"url":"https:\/\/beck-finkbeiner.ch\/?page_id=2116","url_meta":{"origin":11543,"position":2},"title":"Impressum","author":"Andi Finkbeiner","date":"12. Mai 2017","format":false,"excerpt":"KontaktadresseFinkbeiner GmbH B\u00e4ckerei KonditoreiRathausstrasse 184410 Liestal Tel.: 061 921 06 90Fax: 061 921 59 03 info@beck-finkbeiner.ch Vertretungsberechtigte PersonenAndreas FinkbeinerFlorian Finkbeiner Handelsregistereintrag Eingetragener Firmenname:Finkbeiner GmbH B\u00e4ckerei KonditoreiUID\/MWST: CHE-443.666.333","rel":"","context":"\u00c4hnlicher Beitrag","block_context":{"text":"\u00c4hnlicher Beitrag","link":""},"img":{"alt_text":"","src":"https:\/\/i0.wp.com\/beck-finkbeiner.ch\/wp-content\/uploads\/2017\/05\/Finkbeiner-Schriftzug-B%C3%A4ckererKonditorei.jpg?resize=350%2C200&ssl=1","width":350,"height":200,"srcset":"https:\/\/i0.wp.com\/beck-finkbeiner.ch\/wp-content\/uploads\/2017\/05\/Finkbeiner-Schriftzug-B%C3%A4ckererKonditorei.jpg?resize=350%2C200&ssl=1 1x, https:\/\/i0.wp.com\/beck-finkbeiner.ch\/wp-content\/uploads\/2017\/05\/Finkbeiner-Schriftzug-B%C3%A4ckererKonditorei.jpg?resize=525%2C300&ssl=1 1.5x, https:\/\/i0.wp.com\/beck-finkbeiner.ch\/wp-content\/uploads\/2017\/05\/Finkbeiner-Schriftzug-B%C3%A4ckererKonditorei.jpg?resize=700%2C400&ssl=1 2x, https:\/\/i0.wp.com\/beck-finkbeiner.ch\/wp-content\/uploads\/2017\/05\/Finkbeiner-Schriftzug-B%C3%A4ckererKonditorei.jpg?resize=1050%2C600&ssl=1 3x, https:\/\/i0.wp.com\/beck-finkbeiner.ch\/wp-content\/uploads\/2017\/05\/Finkbeiner-Schriftzug-B%C3%A4ckererKonditorei.jpg?resize=1400%2C800&ssl=1 4x"},"classes":[]},{"id":338,"url":"https:\/\/beck-finkbeiner.ch\/?page_id=338","url_meta":{"origin":11543,"position":3},"title":"Offene Stellen","author":"Andi Finkbeiner","date":"17. Januar 2014","format":false,"excerpt":"\u00a0 Wir sind\u2026\u2026eine B\u00e4ckerei-Konditorei-Confiserie mit 2 Verkaufsstellen mit Caf\u00e9\u2026ein Familienunternehmen das es seit 1910 gibt\u2026ein innovatives Gesch\u00e4ft, das sich laufend auf den neusten Stand weiterentwickelt Sie\u2026\u2026haben Freude an unserem sch\u00f6nen Beruf im Verkauf oder in der Backstube Wir bieten\u2026\u2026Ihnen\u00a0eine kreative, vielseitige Arbeitsstelle\u2026attraktive Anstellungsbedingungen und zeitgerechte Entlohnung\u2026Verantwortungs - \u00dcbernahme, wenn erw\u00fcnscht\u2026","rel":"","context":"In &quot;Allgemein&quot;","block_context":{"text":"Allgemein","link":"https:\/\/beck-finkbeiner.ch\/?cat=1"},"img":{"alt_text":"","src":"","width":0,"height":0},"classes":[]},{"id":41,"url":"https:\/\/beck-finkbeiner.ch\/?page_id=41","url_meta":{"origin":11543,"position":4},"title":"Standorte","author":"Andi Finkbeiner","date":"7. Oktober 2013","format":false,"excerpt":"Hauptgesch\u00e4ft Liestal B\u00e4ckerei-Konditorei Telefon 061 921 06 90 Rathausstr. 18 Fax 061 921 59 03 4410 Liestal \u00a0 Karte \u00d6ffnungszeiten: Montag - Freitag 6.00 - 18.30 Samstag 6.00 - 16.00 \u00a0 \u00d6ffnungszeiten in den Schulsommerferien: Montag - Freitag 6.00 - 18.30 Samstag 6.00 - 15.00 Filiale Pratteln B\u00e4ckerei-Konditorei Caf\u00e9 Telefon\u2026","rel":"","context":"\u00c4hnlicher Beitrag","block_context":{"text":"\u00c4hnlicher Beitrag","link":""},"img":{"alt_text":"","src":"","width":0,"height":0},"classes":[]},{"id":2,"url":"https:\/\/beck-finkbeiner.ch\/?page_id=2","url_meta":{"origin":11543,"position":5},"title":"Chronik","author":"Andi Finkbeiner","date":"6. Oktober 2013","format":false,"excerpt":"1910 Kauf der B\u00e4ckerei in Liestal an der Rathausstrasse 20 durch Johann und Ida Finkbeiner\u2013Meier. Dieser Ehe entsprangen 5 Kinder, wovon 2 S\u00f6hne das B\u00e4ckerhandwerk lernten. 1917 Johann Finkbeiner bekommt das Liestaler B\u00fcrgerrecht. Er kauft die Liegenschaft Nr. 18 hinzu kann dadurch die B\u00e4ckerei vergr\u00f6ssern. 1923 Umbau und Vergr\u00f6sserung der\u2026","rel":"","context":"\u00c4hnlicher Beitrag","block_context":{"text":"\u00c4hnlicher Beitrag","link":""},"img":{"alt_text":"","src":"https:\/\/i0.wp.com\/beck-finkbeiner.ch\/wp-content\/uploads\/2023\/06\/Header_LadenLiestal-ohne_logo-Kopie.jpg?resize=350%2C200&ssl=1","width":350,"height":200,"srcset":"https:\/\/i0.wp.com\/beck-finkbeiner.ch\/wp-content\/uploads\/2023\/06\/Header_LadenLiestal-ohne_logo-Kopie.jpg?resize=350%2C200&ssl=1 1x, https:\/\/i0.wp.com\/beck-finkbeiner.ch\/wp-content\/uploads\/2023\/06\/Header_LadenLiestal-ohne_logo-Kopie.jpg?resize=525%2C300&ssl=1 1.5x, https:\/\/i0.wp.com\/beck-finkbeiner.ch\/wp-content\/uploads\/2023\/06\/Header_LadenLiestal-ohne_logo-Kopie.jpg?resize=700%2C400&ssl=1 2x"},"classes":[]}],"jetpack_likes_enabled":false,"_links":{"self":[{"href":"https:\/\/beck-finkbeiner.ch\/index.php?rest_route=\/wp\/v2\/pages\/11543","targetHints":{"allow":["GET"]}}],"collection":[{"href":"https:\/\/beck-finkbeiner.ch\/index.php?rest_route=\/wp\/v2\/pages"}],"about":[{"href":"https:\/\/beck-finkbeiner.ch\/index.php?rest_route=\/wp\/v2\/types\/page"}],"author":[{"embeddable":true,"href":"https:\/\/beck-finkbeiner.ch\/index.php?rest_route=\/wp\/v2\/users\/1"}],"replies":[{"embeddable":true,"href":"https:\/\/beck-finkbeiner.ch\/index.php?rest_route=%2Fwp%2Fv2%2Fcomments&post=11543"}],"version-history":[{"count":5,"href":"https:\/\/beck-finkbeiner.ch\/index.php?rest_route=\/wp\/v2\/pages\/11543\/revisions"}],"predecessor-version":[{"id":12198,"href":"https:\/\/beck-finkbeiner.ch\/index.php?rest_route=\/wp\/v2\/pages\/11543\/revisions\/12198"}],"wp:attachment":[{"href":"https:\/\/beck-finkbeiner.ch\/index.php?rest_route=%2Fwp%2Fv2%2Fmedia&parent=11543"}],"curies":[{"name":"wp","href":"https:\/\/api.w.org\/{rel}","templated":true}]}}